{"id":2362,"date":"2022-03-20T17:42:21","date_gmt":"2022-03-20T16:42:21","guid":{"rendered":"https:\/\/leocor.org\/otisak\/"},"modified":"2023-07-31T13:03:25","modified_gmt":"2023-07-31T11:03:25","slug":"otisak","status":"publish","type":"page","link":"https:\/\/leocor.org\/bs\/otisak\/","title":{"rendered":"otisak"},"content":{"rendered":"\t\t<div data-elementor-type=\"wp-page\" data-elementor-id=\"2362\" class=\"elementor elementor-2362 elementor-100\" data-elementor-post-type=\"page\">\n\t\t\t\t\t\t<section class=\"elementor-section elementor-top-section elementor-element elementor-element-41246d4 elementor-section-boxed elementor-section-height-default elementor-section-height-default\" data-id=\"41246d4\" data-element_type=\"section\" data-e-type=\"section\">\n\t\t\t\t\t\t<div class=\"elementor-container elementor-column-gap-default\">\n\t\t\t\t\t<div class=\"elementor-column elementor-col-100 elementor-top-column elementor-element elementor-element-0629d3c\" data-id=\"0629d3c\" data-element_type=\"column\" data-e-type=\"column\">\n\t\t\t<div class=\"elementor-widget-wrap elementor-element-populated\">\n\t\t\t\t\t\t<div class=\"elementor-element elementor-element-2b7976c elementor-widget elementor-widget-spacer\" data-id=\"2b7976c\" data-element_type=\"widget\" data-e-type=\"widget\" data-widget_type=\"spacer.default\">\n\t\t\t\t<div class=\"elementor-widget-container\">\n\t\t\t\t\t\t\t<div class=\"elementor-spacer\">\n\t\t\t<div class=\"elementor-spacer-inner\"><\/div>\n\t\t<\/div>\n\t\t\t\t\t\t<\/div>\n\t\t\t\t<\/div>\n\t\t\t\t<div class=\"elementor-element elementor-element-a2b85c6 elementor-widget-divider--view-line elementor-widget elementor-widget-divider\" data-id=\"a2b85c6\" data-element_type=\"widget\" data-e-type=\"widget\" data-widget_type=\"divider.default\">\n\t\t\t\t<div class=\"elementor-widget-container\">\n\t\t\t\t\t\t\t<div class=\"elementor-divider\">\n\t\t\t<span class=\"elementor-divider-separator\">\n\t\t\t\t\t\t<\/span>\n\t\t<\/div>\n\t\t\t\t\t\t<\/div>\n\t\t\t\t<\/div>\n\t\t\t\t\t<\/div>\n\t\t<\/div>\n\t\t\t\t\t<\/div>\n\t\t<\/section>\n\t\t\t\t<section class=\"elementor-section elementor-top-section elementor-element elementor-element-bf30456 elementor-section-boxed elementor-section-height-default elementor-section-height-default\" data-id=\"bf30456\" data-element_type=\"section\" data-e-type=\"section\">\n\t\t\t\t\t\t<div class=\"elementor-container elementor-column-gap-default\">\n\t\t\t\t\t<div class=\"elementor-column elementor-col-100 elementor-top-column elementor-element elementor-element-0fe0b70\" data-id=\"0fe0b70\" data-element_type=\"column\" data-e-type=\"column\">\n\t\t\t<div class=\"elementor-widget-wrap elementor-element-populated\">\n\t\t\t\t\t\t<div class=\"elementor-element elementor-element-b12aeaf elementor-widget elementor-widget-text-editor\" data-id=\"b12aeaf\" data-element_type=\"widget\" data-e-type=\"widget\" data-widget_type=\"text-editor.default\">\n\t\t\t\t<div class=\"elementor-widget-container\">\n\t\t\t\t\t\t\t\t\t<h2>Leocor gGmbH<\/h2>\n<p>Sickenbergerstr. 12 | 80997 Minhen<\/p>\n<p><strong>Uprava ovla\u0161tena za zastupanje\/odgovornost za sadr\u017eaj<\/strong><br \/>Beate Merkel, <span style=\"color: var( --e-global-color-text ); font-family: var( --e-global-typography-text-font-family ), Sans-serif; font-size: var( --e-global-typography-text-font-size ); font-weight: var( --e-global-typography-text-font-weight ); background-color: var(--ast-global-color-5);\">dr. Elisabeth Frank,<\/span> <span style=\"color: var( --e-global-color-text ); font-family: var( --e-global-typography-text-font-family ), Sans-serif; font-size: var( --e-global-typography-text-font-size ); font-weight: var( --e-global-typography-text-font-weight ); background-color: var(--ast-global-color-5);\">Martina Bonertz i<\/span> <span style=\"font-style: inherit; font-weight: inherit; color: var( --e-global-color-text ); font-family: var( --e-global-typography-text-font-family ), Sans-serif; background-color: var(--ast-global-color-5);\">Paolo Lucarelli<\/span><\/p>\n<p>E-mail: <a href=\"mailto:info@leocor.org\">info@leocor.org<\/a><\/p>\n<p>Registracioni sud: Okru\u017eni sud u Minhenu | Broj privrednog registra: HRB 274815<\/p>\n<p><strong>web dizajn<\/strong><br \/><a href=\"https:\/\/oliverwick.de\" target=\"_blank\" rel=\"noopener\">Oliver Wick&gt;&gt; oblikuje komunikaciju<\/a><\/p>\n<p><strong>foto kredit<\/strong><br \/>Adobe Stock: <br \/>Mongta Studio, Robert Kneschke, Ingo Bartussek, pressmaster, Ramona Heim, Syda Productions, elektronik-zeit, Zoe, Chinnapong, anatoliy_gleb, Felix, Syrtseva Tatiana<br \/>Unsplash: <br \/>hello-im-nik, jason-goodman, nick-fewings, cherie-birkner<br \/>: <br \/>BeritK<\/p>\n\t\t\t\t\t\t\t\t<\/div>\n\t\t\t\t<\/div>\n\t\t\t\t\t<\/div>\n\t\t<\/div>\n\t\t\t\t\t<\/div>\n\t\t<\/section>\n\t\t\t\t<section class=\"elementor-section elementor-top-section elementor-element elementor-element-7a6aa32 elementor-section-boxed elementor-section-height-default elementor-section-height-default\" data-id=\"7a6aa32\" data-element_type=\"section\" data-e-type=\"section\">\n\t\t\t\t\t\t<div class=\"elementor-container elementor-column-gap-default\">\n\t\t\t\t\t<div class=\"elementor-column elementor-col-33 elementor-top-column elementor-element elementor-element-502de2c\" data-id=\"502de2c\" data-element_type=\"column\" data-e-type=\"column\">\n\t\t\t<div class=\"elementor-widget-wrap elementor-element-populated\">\n\t\t\t\t\t\t<div class=\"elementor-element elementor-element-154ee64 elementor-widget elementor-widget-heading\" data-id=\"154ee64\" data-element_type=\"widget\" data-e-type=\"widget\" data-widget_type=\"heading.default\">\n\t\t\t\t<div class=\"elementor-widget-container\">\n\t\t\t\t\t<h3 class=\"elementor-heading-title elementor-size-default\">Odgovornost za sadr\u017eaj<\/h3>\t\t\t\t<\/div>\n\t\t\t\t<\/div>\n\t\t\t\t<div class=\"elementor-element elementor-element-df99c46 elementor-widget elementor-widget-text-editor\" data-id=\"df99c46\" data-element_type=\"widget\" data-e-type=\"widget\" data-widget_type=\"text-editor.default\">\n\t\t\t\t<div class=\"elementor-widget-container\">\n\t\t\t\t\t\t\t\t\t<p>Kao pru\u017ealac usluga mi smo prema \u00a7 7 Aps.1 TMG je odgovoran za svoj sadr\u017eaj na ovim stranicama prema op\u0107im zakonima. Me\u0111utim, prema \u00a7\u00a7 8 do 10 TMG, mi kao pru\u017ealac usluga nismo u obavezi da nadgledamo prenete ili pohranjene informacije tre\u0107e strane ili da istra\u017eujemo okolnosti koje ukazuju na nezakonite aktivnosti. Obaveze uklanjanja ili blokiranja kori\u0161tenja informacija prema op\u0107im zakonima ostaju nepromijenjene. Me\u0111utim, odgovornost u tom pogledu je mogu\u0107a samo od trenutka kada je poznato saznanje o konkretnom kr\u0161enju zakona. \u010cim saznamo za bilo kakvo kr\u0161enje zakona, odmah \u0107emo ukloniti ovaj sadr\u017eaj.<\/p>\n\t\t\t\t\t\t\t\t<\/div>\n\t\t\t\t<\/div>\n\t\t\t\t\t<\/div>\n\t\t<\/div>\n\t\t\t\t<div class=\"elementor-column elementor-col-33 elementor-top-column elementor-element elementor-element-6f1cb93\" data-id=\"6f1cb93\" data-element_type=\"column\" data-e-type=\"column\">\n\t\t\t<div class=\"elementor-widget-wrap elementor-element-populated\">\n\t\t\t\t\t\t<div class=\"elementor-element elementor-element-a5d91e3 elementor-widget elementor-widget-heading\" data-id=\"a5d91e3\" data-element_type=\"widget\" data-e-type=\"widget\" data-widget_type=\"heading.default\">\n\t\t\t\t<div class=\"elementor-widget-container\">\n\t\t\t\t\t<h3 class=\"elementor-heading-title elementor-size-default\">Odgovornost za linkove<\/h3>\t\t\t\t<\/div>\n\t\t\t\t<\/div>\n\t\t\t\t<div class=\"elementor-element elementor-element-39fb19e elementor-widget elementor-widget-text-editor\" data-id=\"39fb19e\" data-element_type=\"widget\" data-e-type=\"widget\" data-widget_type=\"text-editor.default\">\n\t\t\t\t<div class=\"elementor-widget-container\">\n\t\t\t\t\t\t\t\t\t<p>Na\u0161a ponuda sadr\u017ei linkove ka vanjskim web stranicama tre\u0107ih strana, na \u010diji sadr\u017eaj nemamo utjecaj. Stoga ne mo\u017eemo preuzeti nikakvu odgovornost za ovaj vanjski sadr\u017eaj. Odgovaraju\u0107i provajder ili operater stranica uvijek je odgovoran za sadr\u017eaj povezanih stranica. Povezane stranice su provjerene na mogu\u0107e kr\u0161enje zakona u vrijeme povezivanja. Ilegalni sadr\u017eaj nije bio prepoznatljiv u trenutku povezivanja. Me\u0111utim, stalna kontrola sadr\u017eaja povezanih stranica nije razumna bez konkretnih dokaza o kr\u0161enju. \u010cim saznamo za kr\u0161enje zakona, odmah \u0107emo ukloniti takve linkove.<\/p>\n\t\t\t\t\t\t\t\t<\/div>\n\t\t\t\t<\/div>\n\t\t\t\t\t<\/div>\n\t\t<\/div>\n\t\t\t\t<div class=\"elementor-column elementor-col-33 elementor-top-column elementor-element elementor-element-d8bcd69\" data-id=\"d8bcd69\" data-element_type=\"column\" data-e-type=\"column\">\n\t\t\t<div class=\"elementor-widget-wrap elementor-element-populated\">\n\t\t\t\t\t\t<div class=\"elementor-element elementor-element-942e6dd elementor-widget elementor-widget-heading\" data-id=\"942e6dd\" data-element_type=\"widget\" data-e-type=\"widget\" data-widget_type=\"heading.default\">\n\t\t\t\t<div class=\"elementor-widget-container\">\n\t\t\t\t\t<h2 class=\"elementor-heading-title elementor-size-default\">autorsko pravo<\/h2>\t\t\t\t<\/div>\n\t\t\t\t<\/div>\n\t\t\t\t<div class=\"elementor-element elementor-element-d4e74f4 elementor-widget elementor-widget-text-editor\" data-id=\"d4e74f4\" data-element_type=\"widget\" data-e-type=\"widget\" data-widget_type=\"text-editor.default\">\n\t\t\t\t<div class=\"elementor-widget-container\">\n\t\t\t\t\t\t\t\t\t<p>Sadr\u017eaj i radovi na ovim stranicama koje su kreirali operateri stranice podlije\u017eu njema\u010dkom zakonu o autorskim pravima. Umno\u017eavanje, ure\u0111ivanje, distribucija i bilo koja vrsta eksploatacije izvan granica autorskih prava zahtijeva pismenu saglasnost odgovaraju\u0107eg autora ili kreatora. Preuzimanja i kopije ovog sajta dozvoljeni su samo za privatnu, nekomercijalnu upotrebu. Ukoliko sadr\u017eaj na ovoj stranici nije kreiran od strane operatera, po\u0161tuju se autorska prava tre\u0107ih lica. Posebno su sadr\u017eaji tre\u0107ih lica ozna\u010deni kao takvi. Ukoliko ipak saznate za kr\u0161enje autorskih prava, molimo da nas o tome obavijestite. \u010cim saznamo za kr\u0161enje zakona, odmah \u0107emo ukloniti takav sadr\u017eaj.<\/p>\n\t\t\t\t\t\t\t\t<\/div>\n\t\t\t\t<\/div>\n\t\t\t\t\t<\/div>\n\t\t<\/div>\n\t\t\t\t\t<\/div>\n\t\t<\/section>\n\t\t\t\t<\/div>\n\t\t","protected":false},"excerpt":{"rendered":"<p>Leocor gGmbH Sickenbergerstr. 12 | 80997 Minhen Uprava ovla\u0161tena za zastupanje\/odgovornost za sadr\u017eajBeate Merkel, dr. Elisabeth Frank, Martina Bonertz i Paolo Lucarelli E-mail: info@leocor.org Registracioni sud: Okru\u017eni sud u Minhenu | Broj privrednog registra: HRB 274815 web dizajnOliver Wick&gt;&gt; oblikuje komunikaciju foto kreditAdobe Stock: Mongta Studio, Robert Kneschke, Ingo Bartussek, pressmaster, Ramona Heim, Syda Productions, [&hellip;]<\/p>\n","protected":false},"author":1,"featured_media":0,"parent":0,"menu_order":156,"comment_status":"closed","ping_status":"closed","template":"elementor_header_footer","meta":{"_acf_changed":false,"inline_featured_image":false,"site-sidebar-layout":"no-sidebar","site-content-layout":"page-builder","ast-site-content-layout":"default","site-content-style":"default","site-sidebar-style":"default","ast-global-header-display":"","ast-banner-title-visibility":"","ast-main-header-display":"","ast-hfb-above-header-display":"","ast-hfb-below-header-display":"","ast-hfb-mobile-header-display":"","site-post-title":"disabled","ast-breadcrumbs-content":"","ast-featured-img":"disabled","footer-sml-layout":"","ast-disable-related-posts":"","theme-transparent-header-meta":"default","adv-header-id-meta":"","stick-header-meta":"default","header-above-stick-meta":"","header-main-stick-meta":"","header-below-stick-meta":"","astra-migrate-meta-layouts":"default","ast-page-background-enabled":"default","ast-page-background-meta":{"desktop":{"background-color":"var(--ast-global-color-4)","background-image":"","background-repeat":"repeat","background-position":"center center","background-size":"auto","background-attachment":"scroll","background-type":"","background-media":"","overlay-type":"","overlay-color":"","overlay-opacity":"","overlay-gradient":""},"tablet":{"background-color":"","background-image":"","background-repeat":"repeat","background-position":"center center","background-size":"auto","background-attachment":"scroll","background-type":"","background-media":"","overlay-type":"","overlay-color":"","overlay-opacity":"","overlay-gradient":""},"mobile":{"background-color":"","background-image":"","background-repeat":"repeat","background-position":"center center","background-size":"auto","background-attachment":"scroll","background-type":"","background-media":"","overlay-type":"","overlay-color":"","overlay-opacity":"","overlay-gradient":""}},"ast-content-background-meta":{"desktop":{"background-color":"var(--ast-global-color-5)","background-image":"","background-repeat":"repeat","background-position":"center center","background-size":"auto","background-attachment":"scroll","background-type":"","background-media":"","overlay-type":"","overlay-color":"","overlay-opacity":"","overlay-gradient":""},"tablet":{"background-color":"var(--ast-global-color-5)","background-image":"","background-repeat":"repeat","background-position":"center center","background-size":"auto","background-attachment":"scroll","background-type":"","background-media":"","overlay-type":"","overlay-color":"","overlay-opacity":"","overlay-gradient":""},"mobile":{"background-color":"var(--ast-global-color-5)","background-image":"","background-repeat":"repeat","background-position":"center center","background-size":"auto","background-attachment":"scroll","background-type":"","background-media":"","overlay-type":"","overlay-color":"","overlay-opacity":"","overlay-gradient":""}},"footnotes":""},"class_list":["post-2362","page","type-page","status-publish","hentry"],"acf":[],"_links":{"self":[{"href":"https:\/\/leocor.org\/bs\/wp-json\/wp\/v2\/pages\/2362","targetHints":{"allow":["GET"]}}],"collection":[{"href":"https:\/\/leocor.org\/bs\/wp-json\/wp\/v2\/pages"}],"about":[{"href":"https:\/\/leocor.org\/bs\/wp-json\/wp\/v2\/types\/page"}],"author":[{"embeddable":true,"href":"https:\/\/leocor.org\/bs\/wp-json\/wp\/v2\/users\/1"}],"replies":[{"embeddable":true,"href":"https:\/\/leocor.org\/bs\/wp-json\/wp\/v2\/comments?post=2362"}],"version-history":[{"count":3,"href":"https:\/\/leocor.org\/bs\/wp-json\/wp\/v2\/pages\/2362\/revisions"}],"predecessor-version":[{"id":4059,"href":"https:\/\/leocor.org\/bs\/wp-json\/wp\/v2\/pages\/2362\/revisions\/4059"}],"wp:attachment":[{"href":"https:\/\/leocor.org\/bs\/wp-json\/wp\/v2\/media?parent=2362"}],"curies":[{"name":"wp","href":"https:\/\/api.w.org\/{rel}","templated":true}]}}