{"id":2370,"date":"2022-03-20T17:42:33","date_gmt":"2022-03-20T16:42:33","guid":{"rendered":"https:\/\/leocor.org\/privatnost\/"},"modified":"2023-11-21T16:33:41","modified_gmt":"2023-11-21T15:33:41","slug":"privatnost","status":"publish","type":"page","link":"https:\/\/leocor.org\/bs\/privatnost\/","title":{"rendered":"privatnost"},"content":{"rendered":"\t\t<div data-elementor-type=\"wp-page\" data-elementor-id=\"2370\" class=\"elementor elementor-2370 elementor-102\" data-elementor-post-type=\"page\">\n\t\t\t\t\t\t<section class=\"elementor-section elementor-top-section elementor-element elementor-element-58fcbb8 elementor-section-boxed elementor-section-height-default elementor-section-height-default\" data-id=\"58fcbb8\" data-element_type=\"section\" data-e-type=\"section\">\n\t\t\t\t\t\t<div class=\"elementor-container elementor-column-gap-default\">\n\t\t\t\t\t<div class=\"elementor-column elementor-col-100 elementor-top-column elementor-element elementor-element-8b4b010\" data-id=\"8b4b010\" data-element_type=\"column\" data-e-type=\"column\">\n\t\t\t<div class=\"elementor-widget-wrap elementor-element-populated\">\n\t\t\t\t\t\t<div class=\"elementor-element elementor-element-22ac19e elementor-widget elementor-widget-spacer\" data-id=\"22ac19e\" data-element_type=\"widget\" data-e-type=\"widget\" data-widget_type=\"spacer.default\">\n\t\t\t\t<div class=\"elementor-widget-container\">\n\t\t\t\t\t\t\t<div class=\"elementor-spacer\">\n\t\t\t<div class=\"elementor-spacer-inner\"><\/div>\n\t\t<\/div>\n\t\t\t\t\t\t<\/div>\n\t\t\t\t<\/div>\n\t\t\t\t<div class=\"elementor-element elementor-element-d37975a elementor-widget-divider--view-line elementor-widget elementor-widget-divider\" data-id=\"d37975a\" data-element_type=\"widget\" data-e-type=\"widget\" data-widget_type=\"divider.default\">\n\t\t\t\t<div class=\"elementor-widget-container\">\n\t\t\t\t\t\t\t<div class=\"elementor-divider\">\n\t\t\t<span class=\"elementor-divider-separator\">\n\t\t\t\t\t\t<\/span>\n\t\t<\/div>\n\t\t\t\t\t\t<\/div>\n\t\t\t\t<\/div>\n\t\t\t\t\t<\/div>\n\t\t<\/div>\n\t\t\t\t\t<\/div>\n\t\t<\/section>\n\t\t\t\t<section class=\"elementor-section elementor-top-section elementor-element elementor-element-9f1da41 elementor-section-boxed elementor-section-height-default elementor-section-height-default\" data-id=\"9f1da41\" data-element_type=\"section\" data-e-type=\"section\">\n\t\t\t\t\t\t<div class=\"elementor-container elementor-column-gap-default\">\n\t\t\t\t\t<div class=\"elementor-column elementor-col-100 elementor-top-column elementor-element elementor-element-248694a\" data-id=\"248694a\" data-element_type=\"column\" data-e-type=\"column\">\n\t\t\t<div class=\"elementor-widget-wrap elementor-element-populated\">\n\t\t\t\t\t\t<div class=\"elementor-element elementor-element-2e1426a elementor-widget elementor-widget-heading\" data-id=\"2e1426a\" data-element_type=\"widget\" data-e-type=\"widget\" data-widget_type=\"heading.default\">\n\t\t\t\t<div class=\"elementor-widget-container\">\n\t\t\t\t\t<h3 class=\"elementor-heading-title elementor-size-default\">1. Privatnost na prvi pogled<\/h3>\t\t\t\t<\/div>\n\t\t\t\t<\/div>\n\t\t\t\t<div class=\"elementor-element elementor-element-b312f81 elementor-widget elementor-widget-text-editor\" data-id=\"b312f81\" data-element_type=\"widget\" data-e-type=\"widget\" data-widget_type=\"text-editor.default\">\n\t\t\t\t<div class=\"elementor-widget-container\">\n\t\t\t\t\t\t\t\t\t<h3>Op\u0107e informacije<\/h3>\n<p>Sljede\u0107e napomene pru\u017eaju jednostavan pregled onoga \u0161to se doga\u0111a s va\u0161im li\u010dnim podacima kada posjetite na\u0161u web stranicu. Li\u010dni podaci su svi podaci s kojima se mo\u017eete li\u010dno identificirati. Detaljne informacije o temi za\u0161tite podataka mo\u017eete prona\u0107i u na\u0161oj izjavi o za\u0161titi podataka koja je navedena ispod ovog teksta.<\/p>\n<h3>Prikupljanje podataka na na\u0161oj web stranici<\/h3>\n<h6>Ko je odgovoran za prikupljanje podataka na ovoj web stranici?<\/h6>\n<p>Obradu podataka na ovoj web stranici vr\u0161i operater web stranice. Njihove kontakt podatke mo\u017eete prona\u0107i u impresumu ove web stranice.<\/p>\n<h6>Kako prikupljamo va\u0161e podatke?<\/h6>\n<p>S jedne strane, va\u0161i podaci se prikupljaju kada nam ih saop\u0161tite. To mogu, na primjer, biti podaci koje unesete u kontakt obrazac.<\/p>\n<p>Ostale podatke automatski bilje\u017ee IT sistemi kada posjetite web stranicu. To su prvenstveno tehni\u010dki podaci (npr. internet pretra\u017eiva\u010d, operativni sistem ili vrijeme poziva stranice). Ovi podaci se prikupljaju automatski \u010dim u\u0111ete na na\u0161u web stranicu.<\/p>\n<h6>Za \u0161ta koristimo va\u0161e podatke?<\/h6>\n<p>Dio podataka se prikuplja kako bi se osiguralo da se web stranica pru\u017ea bez gre\u0161aka. Drugi podaci se mogu koristiti za analizu va\u0161eg pona\u0161anja korisnika.<\/p>\n<h6>Koja prava imate u vezi sa svojim podacima?<\/h6>\n<p>Imate pravo da u bilo koje vrijeme besplatno dobijete informacije o porijeklu, primatelju i svrsi va\u0161ih pohranjenih li\u010dnih podataka. Tako\u0111er imate pravo zahtijevati ispravku, blokiranje ili brisanje ovih podataka. Mo\u017eete nas kontaktirati u bilo koje vrijeme na adresu navedenu u impresumu ako imate dodatnih pitanja o za\u0161titi podataka. Tako\u0111e imate pravo da ulo\u017eite \u017ealbu nadle\u017enom nadzornom organu.<\/p>\n<h6>Alati za analizu i alati tre\u0107ih strana<\/h6>\n<p>Kada posjetite na\u0161u web stranicu, va\u0161e pona\u0161anje surfanja mo\u017ee se statisti\u010dki procijeniti. To se uglavnom radi s kola\u010di\u0107ima i takozvanim programima za analizu. Analiza va\u0161eg pona\u0161anja surfanja obi\u010dno je anonimna; pona\u0161anje surfanja se ne mo\u017ee pratiti do vas. Mo\u017eete prigovoriti ovoj analizi ili je sprije\u010diti tako \u0161to ne koristite odre\u0111ene alate. Detaljne informacije o tome na\u0107i \u0107ete u sljede\u0107oj izjavi o za\u0161titi podataka.<\/p>\n<p>Mo\u017eete prigovoriti ovoj analizi. Obavijestit \u0107u vas o mogu\u0107nostima prigovora u ovoj izjavi o za\u0161titi podataka.<\/p>\n\t\t\t\t\t\t\t\t<\/div>\n\t\t\t\t<\/div>\n\t\t\t\t<div class=\"elementor-element elementor-element-ea9b015 elementor-widget elementor-widget-heading\" data-id=\"ea9b015\" data-element_type=\"widget\" data-e-type=\"widget\" data-widget_type=\"heading.default\">\n\t\t\t\t<div class=\"elementor-widget-container\">\n\t\t\t\t\t<h3 class=\"elementor-heading-title elementor-size-default\">2. Op\u0107e informacije i obavezne informacije<\/h3>\t\t\t\t<\/div>\n\t\t\t\t<\/div>\n\t\t\t\t<div class=\"elementor-element elementor-element-f2ce3b9 elementor-widget elementor-widget-text-editor\" data-id=\"f2ce3b9\" data-element_type=\"widget\" data-e-type=\"widget\" data-widget_type=\"text-editor.default\">\n\t\t\t\t<div class=\"elementor-widget-container\">\n\t\t\t\t\t\t\t\t\t<h3>privatnost<\/h3>\n<p>Operater ove web stranice vrlo ozbiljno shvata za\u0161titu va\u0161ih li\u010dnih podataka. S va\u0161im li\u010dnim podacima postupamo povjerljivo iu skladu sa zakonskim propisima o za\u0161titi podataka i ovom izjavom o za\u0161titi podataka.<\/p>\n<p>Ako koristite ovu web stranicu, prikupljat \u0107e se razli\u010diti osobni podaci. Li\u010dni podaci su podaci sa kojima se mo\u017eete li\u010dno identifikovati. Ova izjava o za\u0161titi podataka obja\u0161njava koje podatke prikupljamo i za \u0161ta ih koristimo. Tako\u0111e obja\u0161njava kako i u koju svrhu se to de\u0161ava.<\/p>\n<p>Napominjemo da prijenos podataka na Internetu (npr. pri komunikaciji putem e-po\u0161te) mo\u017ee imati sigurnosne nedostatke. Potpuna za\u0161tita podataka od pristupa tre\u0107ih strana nije mogu\u0107a.<\/p>\n<h3>Napomena o nadle\u017enom organu<\/h3>\n<p>Odgovorno tijelo za obradu podataka na ovoj web stranici je:<br \/>Paolo Lucarelli, Sickenbergerstr. 12, 80997 Minhen, 0151 25084433, <a href=\"mailto:info@leocor.org\">info@leocor.org<\/a><\/p>\n<p>Odgovorno tijelo je fizi\u010dko ili pravno lice koje samostalno ili zajedno sa drugima odlu\u010duje o svrsi i na\u010dinu obrade li\u010dnih podataka (npr. imena, e-mail adrese i sl.).<\/p>\n<h3>Opoziv va\u0161eg pristanka za obradu podataka<\/h3>\n<p>Mnoge operacije obrade podataka mogu\u0107e su samo uz va\u0161 izri\u010diti pristanak. Pristanak koji ste ve\u0107 dali mo\u017eete opozvati u bilo kojem trenutku. Dovoljna mi je neformalna poruka e-mailom. Opoziv ostaje nepromijenjen na zakonitost obrade podataka koja se odvijala do opoziva.<\/p>\n<h3>Pravo \u017ealbe nadle\u017enom nadzornom organu<\/h3>\n<p>U slu\u010daju kr\u0161enja zakona o za\u0161titi podataka, doti\u010dna osoba ima pravo da podnese pritu\u017ebu nadle\u017enom nadzornom organu. Nadle\u017eni nadzorni organ za pitanja za\u0161tite podataka je dr\u017eavni slu\u017ebenik za za\u0161titu podataka savezne dr\u017eave u kojoj je sjedi\u0161te na\u0161e kompanije. Spisak slu\u017ebenika za za\u0161titu podataka i njihove kontakt podatke mo\u017eete prona\u0107i na sljede\u0107em linku: https:\/\/www.bfdi.bund.de\/DE\/Infothek\/Anschriften_Links\/anschriften_links-node.html.<\/p>\n<h3>Pravo na prenosivost podataka<\/h3>\n<p>Imate pravo da podatke koje obra\u0111ujem automatski na osnovu va\u0161eg pristanka ili u skladu sa ugovorom predate vama ili tre\u0107oj strani u uobi\u010dajenom, ma\u0161inski \u010ditljivom formatu. Ako zatra\u017eite direktan prijenos podataka drugoj odgovornoj osobi, to \u0107e biti u\u010dinjeno samo u mjeri u kojoj je to tehni\u010dki izvodljivo.<\/p>\n<h3>SSL ili TLS enkripcija<\/h3>\n<p>Iz sigurnosnih razloga i radi za\u0161tite prijenosa povjerljivog sadr\u017eaja, kao \u0161to su narud\u017ebe ili upiti koje \u0161aljete meni kao operateru stranice, ova stranica koristi SSL ili. TLS enkripcija. \u0160ifrovanu vezu mo\u017eete prepoznati po \u010dinjenici da se adresna linija pretra\u017eiva\u010da mijenja iz &#8220;http:\/\/&#8221; u &#8220;https:\/\/&#8221; i po simbolu katanca u liniji va\u0161eg pretra\u017eiva\u010da.<\/p>\n<p>Ako je aktivirana SSL ili TLS enkripcija, tre\u0107e strane ne mogu \u010ditati podatke koje mi \u0161aljete.<\/p>\n<h3>Informacije, blokiranje, brisanje<\/h3>\n<p>U okviru va\u017ee\u0107ih zakonskih odredbi, imate pravo na besplatne informacije o va\u0161im pohranjenim li\u010dnim podacima, njihovom porijeklu i primatelju te svrsi obrade podataka i, ako je potrebno, pravo na ispravku, blokiranje ili brisanje ovih podataka na adresi bilo kada. Mo\u017eete me kontaktirati u bilo koje vrijeme na adresu navedenu u impresumu ako imate dodatnih pitanja u vezi s li\u010dnim podacima.<\/p>\n\t\t\t\t\t\t\t\t<\/div>\n\t\t\t\t<\/div>\n\t\t\t\t<div class=\"elementor-element elementor-element-41d3f69 elementor-widget elementor-widget-heading\" data-id=\"41d3f69\" data-element_type=\"widget\" data-e-type=\"widget\" data-widget_type=\"heading.default\">\n\t\t\t\t<div class=\"elementor-widget-container\">\n\t\t\t\t\t<h3 class=\"elementor-heading-title elementor-size-default\">3. Prikupljanje podataka na na\u0161oj web stranici<\/h3>\t\t\t\t<\/div>\n\t\t\t\t<\/div>\n\t\t\t\t<div class=\"elementor-element elementor-element-9486872 elementor-widget elementor-widget-text-editor\" data-id=\"9486872\" data-element_type=\"widget\" data-e-type=\"widget\" data-widget_type=\"text-editor.default\">\n\t\t\t\t<div class=\"elementor-widget-container\">\n\t\t\t\t\t\t\t\t\t<h3>kola\u010di\u0107i<\/h3>\n<p>Web stranice ne koriste kola\u010di\u0107e.<\/p>\n<h3>Datoteke evidencije servera<\/h3>\n<p>Provajder stranica automatski prikuplja i pohranjuje informacije u takozvane serverske log fajlove, koje mi va\u0161 pretra\u017eiva\u010d automatski prenosi. Ovo su:<\/p>\n<ul>\n<li>Tip pretra\u017eiva\u010da i verzija pretra\u017eiva\u010da<\/li>\n<li>operativni sistem koji se koristi<\/li>\n<li>URL upu\u0107iva\u010da<\/li>\n<li>Ime hosta ra\u010dunara koji pristupa<\/li>\n<li>Vrijeme zahtjeva servera<\/li>\n<li>IP adresa<\/li>\n<\/ul>\n<p>Ovi podaci se ne spajaju s drugim izvorima podataka.<\/p>\n<p>Osnov za obradu podataka je \u010dlan 6 st. 1 lit. f GDPR, koji omogu\u0107ava obradu podataka radi ispunjenja ugovora ili predugovornih mjera.<\/p>\n<h3>Kontakt i forma za bilten<\/h3>\n<p>Ako nas kontaktirate putem obrasca ili se pretplatite na newsletter, mi \u0107emo sa\u010duvati va\u0161e podatke iz obrasca. Ove podatke ne proslje\u0111ujemo bez va\u0161eg pristanka.<\/p>\n<p>Podaci uneseni u obrazac se stoga obra\u0111uju isklju\u010divo na osnovu va\u0161eg pristanka (\u010dlan 6 (1) (a) GDPR). Ovu saglasnost mo\u017eete opozvati u bilo kojem trenutku. Dovoljna je neformalna poruka e-po\u0161tom. Opoziv ostaje nepromijenjen na zakonitost operacija obrade podataka koje su se odvijale do opoziva.<\/p>\n<p>Podaci koje unesete u obrazac ostat \u0107e kod nas sve dok ne zatra\u017eite da ih izbri\u0161emo, dok ne opozovemo va\u0161u saglasnost za pohranu ili svrha pohranjivanja podataka vi\u0161e ne vrijedi (npr. nakon \u0161to se odjavite s newslettera putem linka &#8211; link je u svaki novi bilten sadr\u017ei!). Obavezne zakonske odredbe &#8211; posebno periodi zadr\u017eavanja &#8211; ostaju nepromijenjene.<\/p>\n\t\t\t\t\t\t\t\t<\/div>\n\t\t\t\t<\/div>\n\t\t\t\t\t<\/div>\n\t\t<\/div>\n\t\t\t\t\t<\/div>\n\t\t<\/section>\n\t\t\t\t<\/div>\n\t\t","protected":false},"excerpt":{"rendered":"<p>1. Privatnost na prvi pogled Op\u0107e informacije Sljede\u0107e napomene pru\u017eaju jednostavan pregled onoga \u0161to se doga\u0111a s va\u0161im li\u010dnim podacima kada posjetite na\u0161u web stranicu. Li\u010dni podaci su svi podaci s kojima se mo\u017eete li\u010dno identificirati. Detaljne informacije o temi za\u0161tite podataka mo\u017eete prona\u0107i u na\u0161oj izjavi o za\u0161titi podataka koja je navedena ispod ovog [&hellip;]<\/p>\n","protected":false},"author":1,"featured_media":0,"parent":0,"menu_order":164,"comment_status":"closed","ping_status":"closed","template":"elementor_header_footer","meta":{"_acf_changed":false,"inline_featured_image":false,"site-sidebar-layout":"no-sidebar","site-content-layout":"page-builder","ast-site-content-layout":"default","site-content-style":"default","site-sidebar-style":"default","ast-global-header-display":"","ast-banner-title-visibility":"","ast-main-header-display":"","ast-hfb-above-header-display":"","ast-hfb-below-header-display":"","ast-hfb-mobile-header-display":"","site-post-title":"disabled","ast-breadcrumbs-content":"","ast-featured-img":"disabled","footer-sml-layout":"","ast-disable-related-posts":"","theme-transparent-header-meta":"default","adv-header-id-meta":"","stick-header-meta":"default","header-above-stick-meta":"","header-main-stick-meta":"","header-below-stick-meta":"","astra-migrate-meta-layouts":"default","ast-page-background-enabled":"default","ast-page-background-meta":{"desktop":{"background-color":"var(--ast-global-color-4)","background-image":"","background-repeat":"repeat","background-position":"center center","background-size":"auto","background-attachment":"scroll","background-type":"","background-media":"","overlay-type":"","overlay-color":"","overlay-opacity":"","overlay-gradient":""},"tablet":{"background-color":"","background-image":"","background-repeat":"repeat","background-position":"center center","background-size":"auto","background-attachment":"scroll","background-type":"","background-media":"","overlay-type":"","overlay-color":"","overlay-opacity":"","overlay-gradient":""},"mobile":{"background-color":"","background-image":"","background-repeat":"repeat","background-position":"center center","background-size":"auto","background-attachment":"scroll","background-type":"","background-media":"","overlay-type":"","overlay-color":"","overlay-opacity":"","overlay-gradient":""}},"ast-content-background-meta":{"desktop":{"background-color":"var(--ast-global-color-5)","background-image":"","background-repeat":"repeat","background-position":"center center","background-size":"auto","background-attachment":"scroll","background-type":"","background-media":"","overlay-type":"","overlay-color":"","overlay-opacity":"","overlay-gradient":""},"tablet":{"background-color":"var(--ast-global-color-5)","background-image":"","background-repeat":"repeat","background-position":"center center","background-size":"auto","background-attachment":"scroll","background-type":"","background-media":"","overlay-type":"","overlay-color":"","overlay-opacity":"","overlay-gradient":""},"mobile":{"background-color":"var(--ast-global-color-5)","background-image":"","background-repeat":"repeat","background-position":"center center","background-size":"auto","background-attachment":"scroll","background-type":"","background-media":"","overlay-type":"","overlay-color":"","overlay-opacity":"","overlay-gradient":""}},"footnotes":""},"class_list":["post-2370","page","type-page","status-publish","hentry"],"acf":[],"_links":{"self":[{"href":"https:\/\/leocor.org\/bs\/wp-json\/wp\/v2\/pages\/2370","targetHints":{"allow":["GET"]}}],"collection":[{"href":"https:\/\/leocor.org\/bs\/wp-json\/wp\/v2\/pages"}],"about":[{"href":"https:\/\/leocor.org\/bs\/wp-json\/wp\/v2\/types\/page"}],"author":[{"embeddable":true,"href":"https:\/\/leocor.org\/bs\/wp-json\/wp\/v2\/users\/1"}],"replies":[{"embeddable":true,"href":"https:\/\/leocor.org\/bs\/wp-json\/wp\/v2\/comments?post=2370"}],"version-history":[{"count":6,"href":"https:\/\/leocor.org\/bs\/wp-json\/wp\/v2\/pages\/2370\/revisions"}],"predecessor-version":[{"id":9063,"href":"https:\/\/leocor.org\/bs\/wp-json\/wp\/v2\/pages\/2370\/revisions\/9063"}],"wp:attachment":[{"href":"https:\/\/leocor.org\/bs\/wp-json\/wp\/v2\/media?parent=2370"}],"curies":[{"name":"wp","href":"https:\/\/api.w.org\/{rel}","templated":true}]}}