{"id":1746,"date":"2022-03-20T17:42:33","date_gmt":"2022-03-20T16:42:33","guid":{"rendered":"https:\/\/leocor.org\/protezione-dei-dati\/"},"modified":"2023-12-14T12:33:20","modified_gmt":"2023-12-14T11:33:20","slug":"protezione-dei-dati","status":"publish","type":"page","link":"https:\/\/leocor.org\/it\/protezione-dei-dati\/","title":{"rendered":"Dichiarazione di Privacy"},"content":{"rendered":"\t\t<div data-elementor-type=\"wp-page\" data-elementor-id=\"1746\" class=\"elementor elementor-1746 elementor-102\" data-elementor-post-type=\"page\">\n\t\t\t\t\t\t<section class=\"elementor-section elementor-top-section elementor-element elementor-element-58fcbb8 elementor-section-boxed elementor-section-height-default elementor-section-height-default\" data-id=\"58fcbb8\" data-element_type=\"section\" data-e-type=\"section\">\n\t\t\t\t\t\t<div class=\"elementor-container elementor-column-gap-default\">\n\t\t\t\t\t<div class=\"elementor-column elementor-col-100 elementor-top-column elementor-element elementor-element-8b4b010\" data-id=\"8b4b010\" data-element_type=\"column\" data-e-type=\"column\">\n\t\t\t<div class=\"elementor-widget-wrap elementor-element-populated\">\n\t\t\t\t\t\t<div class=\"elementor-element elementor-element-22ac19e elementor-widget elementor-widget-spacer\" data-id=\"22ac19e\" data-element_type=\"widget\" data-e-type=\"widget\" data-widget_type=\"spacer.default\">\n\t\t\t\t<div class=\"elementor-widget-container\">\n\t\t\t\t\t\t\t<div class=\"elementor-spacer\">\n\t\t\t<div class=\"elementor-spacer-inner\"><\/div>\n\t\t<\/div>\n\t\t\t\t\t\t<\/div>\n\t\t\t\t<\/div>\n\t\t\t\t<div class=\"elementor-element elementor-element-d37975a elementor-widget-divider--view-line elementor-widget elementor-widget-divider\" data-id=\"d37975a\" data-element_type=\"widget\" data-e-type=\"widget\" data-widget_type=\"divider.default\">\n\t\t\t\t<div class=\"elementor-widget-container\">\n\t\t\t\t\t\t\t<div class=\"elementor-divider\">\n\t\t\t<span class=\"elementor-divider-separator\">\n\t\t\t\t\t\t<\/span>\n\t\t<\/div>\n\t\t\t\t\t\t<\/div>\n\t\t\t\t<\/div>\n\t\t\t\t\t<\/div>\n\t\t<\/div>\n\t\t\t\t\t<\/div>\n\t\t<\/section>\n\t\t\t\t<section class=\"elementor-section elementor-top-section elementor-element elementor-element-9f1da41 elementor-section-boxed elementor-section-height-default elementor-section-height-default\" data-id=\"9f1da41\" data-element_type=\"section\" data-e-type=\"section\">\n\t\t\t\t\t\t<div class=\"elementor-container elementor-column-gap-default\">\n\t\t\t\t\t<div class=\"elementor-column elementor-col-100 elementor-top-column elementor-element elementor-element-248694a\" data-id=\"248694a\" data-element_type=\"column\" data-e-type=\"column\">\n\t\t\t<div class=\"elementor-widget-wrap elementor-element-populated\">\n\t\t\t\t\t\t<div class=\"elementor-element elementor-element-2e1426a elementor-widget elementor-widget-heading\" data-id=\"2e1426a\" data-element_type=\"widget\" data-e-type=\"widget\" data-widget_type=\"heading.default\">\n\t\t\t\t<div class=\"elementor-widget-container\">\n\t\t\t\t\t<h3 class=\"elementor-heading-title elementor-size-default\">1. La protezione dei dati in sintesi<\/h3>\t\t\t\t<\/div>\n\t\t\t\t<\/div>\n\t\t\t\t<div class=\"elementor-element elementor-element-b312f81 elementor-widget elementor-widget-text-editor\" data-id=\"b312f81\" data-element_type=\"widget\" data-e-type=\"widget\" data-widget_type=\"text-editor.default\">\n\t\t\t\t<div class=\"elementor-widget-container\">\n\t\t\t\t\t\t\t\t\t<h3>Note generali<\/h3>\n<p>Le seguenti informazioni forniscono una semplice panoramica di ci\u00f2 che accade ai vostri dati personali quando visitate il nostro sito web. I dati personali sono tutti i dati che consentono di identificare personalmente l&#8217;utente. Per informazioni dettagliate sul tema della protezione dei dati, si prega di consultare la nostra dichiarazione di privacy riportata sotto questo testo.<\/p>\n<h3>Raccolta di dati sul nostro sito web<\/h3>\n<h6>Chi \u00e8 responsabile della raccolta dei dati su questo sito?<\/h6>\n<p>Il trattamento dei dati su questo sito web viene effettuato dal gestore del sito. I suoi dati di contatto sono riportati nell&#8217;imprinting di questo sito.<\/p>\n<h6>Come raccogliamo i vostri dati?<\/h6>\n<p>Da un lato, i vostri dati sono raccolti da voi che ce li fornite. Pu\u00f2 trattarsi, ad esempio, dei dati inseriti dall&#8217;utente in un modulo di contatto.<\/p>\n<p>Altri dati vengono raccolti automaticamente dai sistemi informatici quando si visita il sito web. Si tratta principalmente di dati tecnici (ad es. browser internet, sistema operativo o la data e l&#8217;ora della visualizzazione della pagina). Questi dati vengono raccolti automaticamente non appena si entra nel nostro sito web.<\/p>\n<h6>Per cosa utilizziamo i vostri dati?<\/h6>\n<p>Una parte dei dati viene raccolta per garantire una fornitura senza errori del sito web. Altri dati possono essere utilizzati per analizzare il comportamento degli utenti.<\/p>\n<h6>Quali diritti avete sui vostri dati?<\/h6>\n<p>Avete il diritto di ricevere gratuitamente in qualsiasi momento informazioni sull&#8217;origine, il destinatario e lo scopo dei vostri dati personali memorizzati. L&#8217;utente ha inoltre il diritto di richiedere la correzione, il blocco o la cancellazione di tali dati. Potete contattarci in qualsiasi momento all&#8217;indirizzo indicato nell&#8217;imprinting per questa e altre domande sul tema della protezione dei dati. Inoltre, avete il diritto di presentare un reclamo all&#8217;autorit\u00e0 di vigilanza competente.<\/p>\n<h6>Strumenti di analisi e strumenti di terze parti<\/h6>\n<p>Quando visitate il nostro sito web, il vostro comportamento di navigazione pu\u00f2 essere valutato statisticamente. Ci\u00f2 avviene principalmente con i cookie e con i cosiddetti programmi di analisi. L&#8217;analisi del vostro comportamento di navigazione \u00e8 solitamente anonima; il comportamento di navigazione non pu\u00f2 essere ricondotto all&#8217;utente. \u00c8 possibile opporsi a questa analisi o impedirla non utilizzando determinati strumenti. Troverete informazioni dettagliate al riguardo nella seguente informativa sulla privacy.<\/p>\n<p>\u00c8 possibile opporsi a questa analisi. Vi informer\u00f2 sulle opzioni di opposizione in questa dichiarazione di privacy.<\/p>\n\t\t\t\t\t\t\t\t<\/div>\n\t\t\t\t<\/div>\n\t\t\t\t<div class=\"elementor-element elementor-element-ea9b015 elementor-widget elementor-widget-heading\" data-id=\"ea9b015\" data-element_type=\"widget\" data-e-type=\"widget\" data-widget_type=\"heading.default\">\n\t\t\t\t<div class=\"elementor-widget-container\">\n\t\t\t\t\t<h3 class=\"elementor-heading-title elementor-size-default\">2 Note generali e informazioni obbligatorie<\/h3>\t\t\t\t<\/div>\n\t\t\t\t<\/div>\n\t\t\t\t<div class=\"elementor-element elementor-element-f2ce3b9 elementor-widget elementor-widget-text-editor\" data-id=\"f2ce3b9\" data-element_type=\"widget\" data-e-type=\"widget\" data-widget_type=\"text-editor.default\">\n\t\t\t\t<div class=\"elementor-widget-container\">\n\t\t\t\t\t\t\t\t\t<h3>Privay<\/h3>\n<p>Per il gestore di queste pagine \u00e8 assolutamente importante la protezione dei vostri dati personali . Trattiamo i vostri dati personali in modo confidenziale e in conformit\u00e0 alle norme di legge sulla privay come disritto della dichiarazione di privacy.<\/p>\n<p>Quando visitate questo sito web, il server raccoglie diversi dati personali. I dati personali sono dati con i quali \u00e8 possibile identificarvi personalmente. La presente dichiarazione sulla privacy spiega quali dati raccogliamo e per quali scopi li utilizziamo. Spiega inoltre come e a quale scopo ci\u00f2 avviene.<\/p>\n<p>Vi avvertiamo che la trasmissione di dati in internet in generale, per esempio tramite e-mail, pu\u00f2 essere soggetta a problemi di sicurezza. Non si pu\u00f2 garantire una protezione totale dei dati dall\u2019accesso non autorizzato di terzi.<\/p>\n<h3>Nota sull&#8217;organismo responsabile<\/h3>\n<p>Il responsabile del trattamento dei dati per questo sito web \u00e8:<br \/>Paolo Lucarelli, Sickenbergerstr. 12, 80997 Monaco, +49151 25084433, <a href=\"mailto:info@leocor.org\">info@leocor.org<\/a><\/p>\n<p>Il responsabile del trattamento \u00e8 la persona fisica o giuridica che, da sola o insieme ad altri, determina le finalit\u00e0 e i mezzi del trattamento dei dati personali (ad esempio, nomi, indirizzi e-mail o simili).<\/p>\n<h3>Revoca del consenso al trattamento dei dati<\/h3>\n<p>Molte operazioni di trattamento dei dati sono possibili solo con il vostro esplicito consenso. \u00c8 possibile revocare il consenso gi\u00e0 dato in qualsiasi momento. Tutto ci\u00f2 che dovete fare \u00e8 inviarmi un&#8217;e-mail informale. La legalit\u00e0 del trattamento dei dati effettuato fino alla revoca rimane inalterata dalla revoca stessa.<\/p>\n<h3>Diritto di ricorso all&#8217;autorit\u00e0 di vigilanza competente<\/h3>\n<p>In caso di violazione della legge sulla privacy, l&#8217;interessato ha il diritto di ricorrere all&#8217;autorit\u00e0 di controllo competente. L&#8217;autorit\u00e0 di controllo competente in materia di legge sulla privacy \u00e8 il Commissario di Stato per la protezione dei dati dello Stato federale in cui ha sede la nostra azienda. L&#8217;elenco dei responsabili della protezione dei dati e i loro dati di contatto sono disponibili al seguente link: https:\/\/www.bfdi.bund.de\/DE\/Infothek\/Anschriften_Links\/anschriften_links-node.html.<\/p>\n<h3>Diritto alla portabilit\u00e0 dei dati<\/h3>\n<p>Avete il diritto di ottenere che i dati da me trattati automaticamente sulla base del vostro consenso o in adempimento di un contratto siano consegnati a voi o a terzi in un formato comune e leggibile a macchina. Se richiedete il trasferimento diretto dei dati a un altro responsabile del trattamento, ci\u00f2 avverr\u00e0 solo nella misura in cui sia tecnicamente possibile.<\/p>\n<h3>Crittografia SSL o TLS<\/h3>\n<p>Per motivi di sicurezza e per proteggere la trasmissione di contenuti riservati, come ordini o richieste di informazioni che mi inviate in qualit\u00e0 di gestore del sito, questo sito utilizza un protocollo SSL o SSL. Crittografia TLS. Una connessione criptata si riconosce dal fatto che la riga dell&#8217;indirizzo del browser passa da &#8220;http:\/\/&#8221; a &#8220;https:\/\/&#8221; e dal simbolo del lucchetto nella riga del browser.<\/p>\n<p>Se la crittografia SSL o TLS \u00e8 attivata, i dati che mi trasmettete non possono essere letti da terzi.<\/p>\n<h3>Informazioni, blocco, cancellazione<\/h3>\n<p>Nell&#8217;ambito delle disposizioni di legge applicabili, avete il diritto di ottenere in qualsiasi momento informazioni gratuite sui vostri dati personali memorizzati, sulla loro origine e sul loro destinatario e sullo scopo del trattamento dei dati e, se del caso, il diritto alla correzione, al blocco o alla cancellazione di tali dati. A tal fine, nonch\u00e9 per ulteriori domande sul tema della privacy, potete contattarmi in qualsiasi momento all&#8217;indirizzo indicato nell&#8217;impronta.<\/p>\n\t\t\t\t\t\t\t\t<\/div>\n\t\t\t\t<\/div>\n\t\t\t\t<div class=\"elementor-element elementor-element-41d3f69 elementor-widget elementor-widget-heading\" data-id=\"41d3f69\" data-element_type=\"widget\" data-e-type=\"widget\" data-widget_type=\"heading.default\">\n\t\t\t\t<div class=\"elementor-widget-container\">\n\t\t\t\t\t<h3 class=\"elementor-heading-title elementor-size-default\">3. raccolta di dati sul nostro sito web<\/h3>\t\t\t\t<\/div>\n\t\t\t\t<\/div>\n\t\t\t\t<div class=\"elementor-element elementor-element-9486872 elementor-widget elementor-widget-text-editor\" data-id=\"9486872\" data-element_type=\"widget\" data-e-type=\"widget\" data-widget_type=\"text-editor.default\">\n\t\t\t\t<div class=\"elementor-widget-container\">\n\t\t\t\t\t\t\t\t\t<h3>Cookies<\/h3>\n<p>Le nostre pagine Internet non utilizzano cookie.<\/p>\n<h3>File di log del server<\/h3>\n<p>Il fornitore delle pagine raccoglie e memorizza automaticamente le informazioni nei cosiddetti file di log del server, che il vostro browser mi trasmette automaticamente. Questi sono:<\/p>\n<ul>\n<li>Tipo e versione del browser<\/li>\n<li>Sistema operativo utilizzato<\/li>\n<li>URL di riferimento<\/li>\n<li>Nome host del computer di accesso<\/li>\n<li>Ora della richiesta del server<\/li>\n<li>Indirizzo IP<\/li>\n<\/ul>\n<p>Questi dati non vengono uniti ad altre fonti di dati.<\/p>\n<p>La base per il trattamento dei dati \u00e8 l&#8217;art. 6 par. 1 lit. f DSGVO, che consente il trattamento dei dati per l&#8217;esecuzione di un contratto o di misure precontrattuali.<\/p>\n<h3>Modulo di contatto e newsletter<\/h3>\n<p>Se ci contattate tramite un modulo o vi iscrivete alla newsletter, i vostri dati provenienti dal modulo saranno memorizzati presso di noi. Non trasmettiamo questi dati senza il vostro consenso.<\/p>\n<p>Il trattamento dei dati inseriti nel modulo si basa quindi esclusivamente sul vostro consenso (art. 6 comma 1 lett. a DSGVO). Il consenso pu\u00f2 essere revocato in qualsiasi momento. \u00c8 sufficiente inviare un messaggio informale via e-mail. La legalit\u00e0 delle operazioni di trattamento dei dati effettuate fino alla revoca rimane inalterata dalla revoca stessa.<\/p>\n<p>I dati inseriti nel modulo rimarranno presso di noi fino a quando non ci chiederete di cancellarli, non revocherete il vostro consenso alla loro memorizzazione o fino a quando lo scopo della memorizzazione dei dati non sar\u00e0 pi\u00f9 valido (ad esempio, dopo aver annullatro l&#8217;iscrizione alla newsletter tramite un link &#8211; il link \u00e8 incluso in ogni nuova newsletter!) Le disposizioni di legge obbligatorie, in particolare i periodi di conservazione, rimangono inalterate.<\/p>\n\t\t\t\t\t\t\t\t<\/div>\n\t\t\t\t<\/div>\n\t\t\t\t\t<\/div>\n\t\t<\/div>\n\t\t\t\t\t<\/div>\n\t\t<\/section>\n\t\t\t\t<\/div>\n\t\t","protected":false},"excerpt":{"rendered":"<p>1. La protezione dei dati in sintesi Note generali Le seguenti informazioni forniscono una semplice panoramica di ci\u00f2 che accade ai vostri dati personali quando visitate il nostro sito web. I dati personali sono tutti i dati che consentono di identificare personalmente l&#8217;utente. Per informazioni dettagliate sul tema della protezione dei dati, si prega di [&hellip;]<\/p>\n","protected":false},"author":1,"featured_media":0,"parent":0,"menu_order":164,"comment_status":"closed","ping_status":"closed","template":"elementor_header_footer","meta":{"_acf_changed":false,"inline_featured_image":false,"site-sidebar-layout":"no-sidebar","site-content-layout":"page-builder","ast-site-content-layout":"default","site-content-style":"default","site-sidebar-style":"default","ast-global-header-display":"","ast-banner-title-visibility":"","ast-main-header-display":"","ast-hfb-above-header-display":"","ast-hfb-below-header-display":"","ast-hfb-mobile-header-display":"","site-post-title":"disabled","ast-breadcrumbs-content":"","ast-featured-img":"disabled","footer-sml-layout":"","ast-disable-related-posts":"","theme-transparent-header-meta":"default","adv-header-id-meta":"","stick-header-meta":"default","header-above-stick-meta":"","header-main-stick-meta":"","header-below-stick-meta":"","astra-migrate-meta-layouts":"default","ast-page-background-enabled":"default","ast-page-background-meta":{"desktop":{"background-color":"var(--ast-global-color-4)","background-image":"","background-repeat":"repeat","background-position":"center center","background-size":"auto","background-attachment":"scroll","background-type":"","background-media":"","overlay-type":"","overlay-color":"","overlay-opacity":"","overlay-gradient":""},"tablet":{"background-color":"","background-image":"","background-repeat":"repeat","background-position":"center center","background-size":"auto","background-attachment":"scroll","background-type":"","background-media":"","overlay-type":"","overlay-color":"","overlay-opacity":"","overlay-gradient":""},"mobile":{"background-color":"","background-image":"","background-repeat":"repeat","background-position":"center center","background-size":"auto","background-attachment":"scroll","background-type":"","background-media":"","overlay-type":"","overlay-color":"","overlay-opacity":"","overlay-gradient":""}},"ast-content-background-meta":{"desktop":{"background-color":"var(--ast-global-color-5)","background-image":"","background-repeat":"repeat","background-position":"center center","background-size":"auto","background-attachment":"scroll","background-type":"","background-media":"","overlay-type":"","overlay-color":"","overlay-opacity":"","overlay-gradient":""},"tablet":{"background-color":"var(--ast-global-color-5)","background-image":"","background-repeat":"repeat","background-position":"center center","background-size":"auto","background-attachment":"scroll","background-type":"","background-media":"","overlay-type":"","overlay-color":"","overlay-opacity":"","overlay-gradient":""},"mobile":{"background-color":"var(--ast-global-color-5)","background-image":"","background-repeat":"repeat","background-position":"center center","background-size":"auto","background-attachment":"scroll","background-type":"","background-media":"","overlay-type":"","overlay-color":"","overlay-opacity":"","overlay-gradient":""}},"footnotes":""},"class_list":["post-1746","page","type-page","status-publish","hentry"],"acf":[],"_links":{"self":[{"href":"https:\/\/leocor.org\/it\/wp-json\/wp\/v2\/pages\/1746","targetHints":{"allow":["GET"]}}],"collection":[{"href":"https:\/\/leocor.org\/it\/wp-json\/wp\/v2\/pages"}],"about":[{"href":"https:\/\/leocor.org\/it\/wp-json\/wp\/v2\/types\/page"}],"author":[{"embeddable":true,"href":"https:\/\/leocor.org\/it\/wp-json\/wp\/v2\/users\/1"}],"replies":[{"embeddable":true,"href":"https:\/\/leocor.org\/it\/wp-json\/wp\/v2\/comments?post=1746"}],"version-history":[{"count":8,"href":"https:\/\/leocor.org\/it\/wp-json\/wp\/v2\/pages\/1746\/revisions"}],"predecessor-version":[{"id":9544,"href":"https:\/\/leocor.org\/it\/wp-json\/wp\/v2\/pages\/1746\/revisions\/9544"}],"wp:attachment":[{"href":"https:\/\/leocor.org\/it\/wp-json\/wp\/v2\/media?parent=1746"}],"curies":[{"name":"wp","href":"https:\/\/api.w.org\/{rel}","templated":true}]}}